{"id":1293,"date":"2026-02-10T12:38:23","date_gmt":"2026-02-10T12:38:23","guid":{"rendered":"https:\/\/buy-bromo.eu\/product\/1-kg-2-brom-4-methylpropiophenon-cas-1451-82-7\/"},"modified":"2026-02-10T12:38:23","modified_gmt":"2026-02-10T12:38:23","slug":"1-kg-2-brom-4-methylpropiophenon-cas-1451-82-7","status":"publish","type":"product","link":"https:\/\/buy-bromo.eu\/de\/produkt\/1-kg-2-brom-4-methylpropiophenon-cas-1451-82-7\/","title":{"rendered":"1 kg \u2013 2-Brom-4&#8242;-methylpropiophenon CAS 1451-82-7"},"content":{"rendered":"<p>2-Brom-4&#8242;-methylpropiophenon (CAS 1451-82-7) ist ein hochreines Zwischenprodukt f\u00fcr die organische Synthese. Geliefert mit CoA und Reinheitspr\u00fcfungen durch Dritte, ist es ideal f\u00fcr die medizinische Chemie, Feinchemie-Routen und die Prozessentwicklung. Ab EU-Lager in Packungsgr\u00f6\u00dfen vom Labor- bis zum kommerziellen Ma\u00dfstab mit schnellem Versand und vollst\u00e4ndiger regulatorischer Dokumentation erh\u00e4ltlich.  <\/p>\n","protected":false},"excerpt":{"rendered":"<p>1 kg Probe<br \/>\nVerpackt im Aluminiumbeutel<br \/>\ninkl. MwSt. zzgl. Versandkosten <\/p>\n","protected":false},"featured_media":1267,"comment_status":"open","ping_status":"closed","template":"","meta":{"iawp_total_views":0},"product_brand":[],"product_cat":[47],"product_tag":[],"class_list":{"0":"post-1293","1":"product","2":"type-product","3":"status-publish","4":"has-post-thumbnail","6":"product_cat-unkategorisiert","8":"first","9":"instock","10":"shipping-taxable","11":"purchasable","12":"product-type-simple"},"yoast_head":"<!-- This site is optimized with the Yoast SEO plugin v26.9 - https:\/\/yoast.com\/product\/yoast-seo-wordpress\/ -->\n<title>1 kg \u2013 2-Brom-4&#039;-methylpropiophenon CAS 1451-82-7 - Buy Bromo<\/title>\n<meta name=\"robots\" content=\"index, follow, max-snippet:-1, max-image-preview:large, max-video-preview:-1\" \/>\n<link rel=\"canonical\" href=\"https:\/\/buy-bromo.eu\/de\/produkt\/1-kg-2-brom-4-methylpropiophenon-cas-1451-82-7\/\" \/>\n<meta property=\"og:locale\" content=\"de_DE\" \/>\n<meta property=\"og:type\" content=\"article\" \/>\n<meta property=\"og:title\" content=\"1 kg \u2013 2-Brom-4&#039;-methylpropiophenon CAS 1451-82-7 - Buy Bromo\" \/>\n<meta property=\"og:description\" content=\"1 kg Probe Verpackt im Aluminiumbeutel inkl. MwSt. zzgl. Versandkosten\" \/>\n<meta property=\"og:url\" content=\"https:\/\/buy-bromo.eu\/de\/produkt\/1-kg-2-brom-4-methylpropiophenon-cas-1451-82-7\/\" \/>\n<meta property=\"og:site_name\" content=\"Buy Bromo\" \/>\n<meta property=\"og:image\" content=\"https:\/\/buy-bromo.eu\/wp-content\/uploads\/2026\/02\/product1-sm.jpeg\" \/>\n\t<meta property=\"og:image:width\" content=\"1536\" \/>\n\t<meta property=\"og:image:height\" content=\"1024\" \/>\n\t<meta property=\"og:image:type\" content=\"image\/jpeg\" \/>\n<meta name=\"twitter:card\" content=\"summary_large_image\" \/>\n<script type=\"application\/ld+json\" class=\"yoast-schema-graph\">{\"@context\":\"https:\/\/schema.org\",\"@graph\":[{\"@type\":\"WebPage\",\"@id\":\"https:\/\/buy-bromo.eu\/de\/produkt\/1-kg-2-brom-4-methylpropiophenon-cas-1451-82-7\/\",\"url\":\"https:\/\/buy-bromo.eu\/de\/produkt\/1-kg-2-brom-4-methylpropiophenon-cas-1451-82-7\/\",\"name\":\"1 kg \u2013 2-Brom-4'-methylpropiophenon CAS 1451-82-7 - Buy Bromo\",\"isPartOf\":{\"@id\":\"https:\/\/buy-bromo.eu\/de\/#website\"},\"primaryImageOfPage\":{\"@id\":\"https:\/\/buy-bromo.eu\/de\/produkt\/1-kg-2-brom-4-methylpropiophenon-cas-1451-82-7\/#primaryimage\"},\"image\":{\"@id\":\"https:\/\/buy-bromo.eu\/de\/produkt\/1-kg-2-brom-4-methylpropiophenon-cas-1451-82-7\/#primaryimage\"},\"thumbnailUrl\":\"https:\/\/buy-bromo.eu\/wp-content\/uploads\/2026\/02\/product1-sm.jpeg\",\"datePublished\":\"2026-02-10T12:38:23+00:00\",\"breadcrumb\":{\"@id\":\"https:\/\/buy-bromo.eu\/de\/produkt\/1-kg-2-brom-4-methylpropiophenon-cas-1451-82-7\/#breadcrumb\"},\"inLanguage\":\"de\",\"potentialAction\":[{\"@type\":\"ReadAction\",\"target\":[\"https:\/\/buy-bromo.eu\/de\/produkt\/1-kg-2-brom-4-methylpropiophenon-cas-1451-82-7\/\"]}]},{\"@type\":\"ImageObject\",\"inLanguage\":\"de\",\"@id\":\"https:\/\/buy-bromo.eu\/de\/produkt\/1-kg-2-brom-4-methylpropiophenon-cas-1451-82-7\/#primaryimage\",\"url\":\"https:\/\/buy-bromo.eu\/wp-content\/uploads\/2026\/02\/product1-sm.jpeg\",\"contentUrl\":\"https:\/\/buy-bromo.eu\/wp-content\/uploads\/2026\/02\/product1-sm.jpeg\",\"width\":1536,\"height\":1024,\"caption\":\"2-Bromo-4'-methylpropiophenon CAS 1451-82-7\"},{\"@type\":\"BreadcrumbList\",\"@id\":\"https:\/\/buy-bromo.eu\/de\/produkt\/1-kg-2-brom-4-methylpropiophenon-cas-1451-82-7\/#breadcrumb\",\"itemListElement\":[{\"@type\":\"ListItem\",\"position\":1,\"name\":\"Home\",\"item\":\"https:\/\/buy-bromo.eu\/de\/startseite\/\"},{\"@type\":\"ListItem\",\"position\":2,\"name\":\"Shop\",\"item\":\"https:\/\/buy-bromo.eu\/de\/shop\/\"},{\"@type\":\"ListItem\",\"position\":3,\"name\":\"1 kg \u2013 2-Brom-4&#8242;-methylpropiophenon CAS 1451-82-7\"}]},{\"@type\":\"WebSite\",\"@id\":\"https:\/\/buy-bromo.eu\/de\/#website\",\"url\":\"https:\/\/buy-bromo.eu\/de\/\",\"name\":\"Buy Bromo\",\"description\":\"\",\"publisher\":{\"@id\":\"https:\/\/buy-bromo.eu\/de\/#organization\"},\"potentialAction\":[{\"@type\":\"SearchAction\",\"target\":{\"@type\":\"EntryPoint\",\"urlTemplate\":\"https:\/\/buy-bromo.eu\/de\/?s={search_term_string}\"},\"query-input\":{\"@type\":\"PropertyValueSpecification\",\"valueRequired\":true,\"valueName\":\"search_term_string\"}}],\"inLanguage\":\"de\"},{\"@type\":\"Organization\",\"@id\":\"https:\/\/buy-bromo.eu\/de\/#organization\",\"name\":\"Buy Bromo\",\"url\":\"https:\/\/buy-bromo.eu\/de\/\",\"logo\":{\"@type\":\"ImageObject\",\"inLanguage\":\"de\",\"@id\":\"https:\/\/buy-bromo.eu\/de\/#\/schema\/logo\/image\/\",\"url\":\"https:\/\/buy-bromo.eu\/wp-content\/uploads\/2026\/02\/logo-white-sm.png\",\"contentUrl\":\"https:\/\/buy-bromo.eu\/wp-content\/uploads\/2026\/02\/logo-white-sm.png\",\"width\":417,\"height\":388,\"caption\":\"Buy Bromo\"},\"image\":{\"@id\":\"https:\/\/buy-bromo.eu\/de\/#\/schema\/logo\/image\/\"}}]}<\/script>\n<!-- \/ Yoast SEO plugin. -->","yoast_head_json":{"title":"1 kg \u2013 2-Brom-4'-methylpropiophenon CAS 1451-82-7 - Buy Bromo","robots":{"index":"index","follow":"follow","max-snippet":"max-snippet:-1","max-image-preview":"max-image-preview:large","max-video-preview":"max-video-preview:-1"},"canonical":"https:\/\/buy-bromo.eu\/de\/produkt\/1-kg-2-brom-4-methylpropiophenon-cas-1451-82-7\/","og_locale":"de_DE","og_type":"article","og_title":"1 kg \u2013 2-Brom-4'-methylpropiophenon CAS 1451-82-7 - Buy Bromo","og_description":"1 kg Probe Verpackt im Aluminiumbeutel inkl. MwSt. zzgl. Versandkosten","og_url":"https:\/\/buy-bromo.eu\/de\/produkt\/1-kg-2-brom-4-methylpropiophenon-cas-1451-82-7\/","og_site_name":"Buy Bromo","og_image":[{"width":1536,"height":1024,"url":"https:\/\/buy-bromo.eu\/wp-content\/uploads\/2026\/02\/product1-sm.jpeg","type":"image\/jpeg"}],"twitter_card":"summary_large_image","schema":{"@context":"https:\/\/schema.org","@graph":[{"@type":"WebPage","@id":"https:\/\/buy-bromo.eu\/de\/produkt\/1-kg-2-brom-4-methylpropiophenon-cas-1451-82-7\/","url":"https:\/\/buy-bromo.eu\/de\/produkt\/1-kg-2-brom-4-methylpropiophenon-cas-1451-82-7\/","name":"1 kg \u2013 2-Brom-4'-methylpropiophenon CAS 1451-82-7 - Buy Bromo","isPartOf":{"@id":"https:\/\/buy-bromo.eu\/de\/#website"},"primaryImageOfPage":{"@id":"https:\/\/buy-bromo.eu\/de\/produkt\/1-kg-2-brom-4-methylpropiophenon-cas-1451-82-7\/#primaryimage"},"image":{"@id":"https:\/\/buy-bromo.eu\/de\/produkt\/1-kg-2-brom-4-methylpropiophenon-cas-1451-82-7\/#primaryimage"},"thumbnailUrl":"https:\/\/buy-bromo.eu\/wp-content\/uploads\/2026\/02\/product1-sm.jpeg","datePublished":"2026-02-10T12:38:23+00:00","breadcrumb":{"@id":"https:\/\/buy-bromo.eu\/de\/produkt\/1-kg-2-brom-4-methylpropiophenon-cas-1451-82-7\/#breadcrumb"},"inLanguage":"de","potentialAction":[{"@type":"ReadAction","target":["https:\/\/buy-bromo.eu\/de\/produkt\/1-kg-2-brom-4-methylpropiophenon-cas-1451-82-7\/"]}]},{"@type":"ImageObject","inLanguage":"de","@id":"https:\/\/buy-bromo.eu\/de\/produkt\/1-kg-2-brom-4-methylpropiophenon-cas-1451-82-7\/#primaryimage","url":"https:\/\/buy-bromo.eu\/wp-content\/uploads\/2026\/02\/product1-sm.jpeg","contentUrl":"https:\/\/buy-bromo.eu\/wp-content\/uploads\/2026\/02\/product1-sm.jpeg","width":1536,"height":1024,"caption":"2-Bromo-4'-methylpropiophenon CAS 1451-82-7"},{"@type":"BreadcrumbList","@id":"https:\/\/buy-bromo.eu\/de\/produkt\/1-kg-2-brom-4-methylpropiophenon-cas-1451-82-7\/#breadcrumb","itemListElement":[{"@type":"ListItem","position":1,"name":"Home","item":"https:\/\/buy-bromo.eu\/de\/startseite\/"},{"@type":"ListItem","position":2,"name":"Shop","item":"https:\/\/buy-bromo.eu\/de\/shop\/"},{"@type":"ListItem","position":3,"name":"1 kg \u2013 2-Brom-4&#8242;-methylpropiophenon CAS 1451-82-7"}]},{"@type":"WebSite","@id":"https:\/\/buy-bromo.eu\/de\/#website","url":"https:\/\/buy-bromo.eu\/de\/","name":"Buy Bromo","description":"","publisher":{"@id":"https:\/\/buy-bromo.eu\/de\/#organization"},"potentialAction":[{"@type":"SearchAction","target":{"@type":"EntryPoint","urlTemplate":"https:\/\/buy-bromo.eu\/de\/?s={search_term_string}"},"query-input":{"@type":"PropertyValueSpecification","valueRequired":true,"valueName":"search_term_string"}}],"inLanguage":"de"},{"@type":"Organization","@id":"https:\/\/buy-bromo.eu\/de\/#organization","name":"Buy Bromo","url":"https:\/\/buy-bromo.eu\/de\/","logo":{"@type":"ImageObject","inLanguage":"de","@id":"https:\/\/buy-bromo.eu\/de\/#\/schema\/logo\/image\/","url":"https:\/\/buy-bromo.eu\/wp-content\/uploads\/2026\/02\/logo-white-sm.png","contentUrl":"https:\/\/buy-bromo.eu\/wp-content\/uploads\/2026\/02\/logo-white-sm.png","width":417,"height":388,"caption":"Buy Bromo"},"image":{"@id":"https:\/\/buy-bromo.eu\/de\/#\/schema\/logo\/image\/"}}]}},"_links":{"self":[{"href":"https:\/\/buy-bromo.eu\/de\/wp-json\/wp\/v2\/product\/1293","targetHints":{"allow":["GET"]}}],"collection":[{"href":"https:\/\/buy-bromo.eu\/de\/wp-json\/wp\/v2\/product"}],"about":[{"href":"https:\/\/buy-bromo.eu\/de\/wp-json\/wp\/v2\/types\/product"}],"replies":[{"embeddable":true,"href":"https:\/\/buy-bromo.eu\/de\/wp-json\/wp\/v2\/comments?post=1293"}],"wp:featuredmedia":[{"embeddable":true,"href":"https:\/\/buy-bromo.eu\/de\/wp-json\/wp\/v2\/media\/1267"}],"wp:attachment":[{"href":"https:\/\/buy-bromo.eu\/de\/wp-json\/wp\/v2\/media?parent=1293"}],"wp:term":[{"taxonomy":"product_brand","embeddable":true,"href":"https:\/\/buy-bromo.eu\/de\/wp-json\/wp\/v2\/product_brand?post=1293"},{"taxonomy":"product_cat","embeddable":true,"href":"https:\/\/buy-bromo.eu\/de\/wp-json\/wp\/v2\/product_cat?post=1293"},{"taxonomy":"product_tag","embeddable":true,"href":"https:\/\/buy-bromo.eu\/de\/wp-json\/wp\/v2\/product_tag?post=1293"}],"curies":[{"name":"wp","href":"https:\/\/api.w.org\/{rel}","templated":true}]}}