{"id":1283,"date":"2026-02-10T12:43:26","date_gmt":"2026-02-10T12:43:26","guid":{"rendered":"https:\/\/buy-bromo.eu\/product\/25-kg-2-bromo-4-methylpropiophenone-cas-1451-82-7\/"},"modified":"2026-02-10T12:43:26","modified_gmt":"2026-02-10T12:43:26","slug":"25-kg-2-bromo-4-methylpropiophenone-cas-1451-82-7","status":"publish","type":"product","link":"https:\/\/buy-bromo.eu\/fr\/produit\/25-kg-2-bromo-4-methylpropiophenone-cas-1451-82-7\/","title":{"rendered":"25 kg &#8211; 2-bromo-4\u2019-m\u00e9thylpropioph\u00e9none CAS 1451-82-7"},"content":{"rendered":"<p>2-bromo-4\u2019-m\u00e9thylpropioph\u00e9none (CAS 1451-82-7) \u2014 \u00e9lectrophile polyvalent pour la formation de liaisons C\u2013C, le couplage crois\u00e9 et les substitutions nucl\u00e9ophiles. Propos\u00e9e avec une puret\u00e9 garantie, conditionn\u00e9e pour un transport s\u00e9curis\u00e9 et accompagn\u00e9e d\u2019un CoA de lot et d\u2019une SDS. Convient \u00e0 la R&amp;D et \u00e0 la production \u00e0 plus grande \u00e9chelle dans des conditions contr\u00f4l\u00e9es.  <\/p>\n","protected":false},"excerpt":{"rendered":"<p>1 x f\u00fbt de 25 kg<br \/>\n210 \u20ac par kg<br \/>\nConditionn\u00e9 en f\u00fbt PEHD<br \/>\nTTC, hors frais de livraison <\/p>\n","protected":false},"featured_media":1264,"comment_status":"open","ping_status":"closed","template":"","meta":{"iawp_total_views":0},"product_brand":[],"product_cat":[46],"product_tag":[],"class_list":{"0":"post-1283","1":"product","2":"type-product","3":"status-publish","4":"has-post-thumbnail","6":"product_cat-non-classe","8":"first","9":"instock","10":"shipping-taxable","11":"purchasable","12":"product-type-simple"},"yoast_head":"<!-- This site is optimized with the Yoast SEO plugin v26.9 - https:\/\/yoast.com\/product\/yoast-seo-wordpress\/ -->\n<title>25 kg - 2-bromo-4\u2019-m\u00e9thylpropioph\u00e9none CAS 1451-82-7 - Buy Bromo<\/title>\n<meta name=\"robots\" content=\"index, follow, max-snippet:-1, max-image-preview:large, max-video-preview:-1\" \/>\n<link rel=\"canonical\" href=\"https:\/\/buy-bromo.eu\/fr\/produit\/25-kg-2-bromo-4-methylpropiophenone-cas-1451-82-7\/\" \/>\n<meta property=\"og:locale\" content=\"fr_FR\" \/>\n<meta property=\"og:type\" content=\"article\" \/>\n<meta property=\"og:title\" content=\"25 kg - 2-bromo-4\u2019-m\u00e9thylpropioph\u00e9none CAS 1451-82-7 - Buy Bromo\" \/>\n<meta property=\"og:description\" content=\"1 x f\u00fbt de 25 kg 210 \u20ac par kg Conditionn\u00e9 en f\u00fbt PEHD TTC, hors frais de livraison\" \/>\n<meta property=\"og:url\" content=\"https:\/\/buy-bromo.eu\/fr\/produit\/25-kg-2-bromo-4-methylpropiophenone-cas-1451-82-7\/\" \/>\n<meta property=\"og:site_name\" content=\"Buy Bromo\" \/>\n<meta property=\"og:image\" content=\"https:\/\/buy-bromo.eu\/wp-content\/uploads\/2026\/02\/product1-sm.jpeg\" \/>\n\t<meta property=\"og:image:width\" content=\"1536\" \/>\n\t<meta property=\"og:image:height\" content=\"1024\" \/>\n\t<meta property=\"og:image:type\" content=\"image\/jpeg\" \/>\n<meta name=\"twitter:card\" content=\"summary_large_image\" \/>\n<script type=\"application\/ld+json\" class=\"yoast-schema-graph\">{\"@context\":\"https:\/\/schema.org\",\"@graph\":[{\"@type\":\"WebPage\",\"@id\":\"https:\/\/buy-bromo.eu\/fr\/produit\/25-kg-2-bromo-4-methylpropiophenone-cas-1451-82-7\/\",\"url\":\"https:\/\/buy-bromo.eu\/fr\/produit\/25-kg-2-bromo-4-methylpropiophenone-cas-1451-82-7\/\",\"name\":\"25 kg - 2-bromo-4\u2019-m\u00e9thylpropioph\u00e9none CAS 1451-82-7 - Buy Bromo\",\"isPartOf\":{\"@id\":\"https:\/\/buy-bromo.eu\/fr\/#website\"},\"primaryImageOfPage\":{\"@id\":\"https:\/\/buy-bromo.eu\/fr\/produit\/25-kg-2-bromo-4-methylpropiophenone-cas-1451-82-7\/#primaryimage\"},\"image\":{\"@id\":\"https:\/\/buy-bromo.eu\/fr\/produit\/25-kg-2-bromo-4-methylpropiophenone-cas-1451-82-7\/#primaryimage\"},\"thumbnailUrl\":\"https:\/\/buy-bromo.eu\/wp-content\/uploads\/2026\/02\/product1-sm.jpeg\",\"datePublished\":\"2026-02-10T12:43:26+00:00\",\"breadcrumb\":{\"@id\":\"https:\/\/buy-bromo.eu\/fr\/produit\/25-kg-2-bromo-4-methylpropiophenone-cas-1451-82-7\/#breadcrumb\"},\"inLanguage\":\"fr-FR\",\"potentialAction\":[{\"@type\":\"ReadAction\",\"target\":[\"https:\/\/buy-bromo.eu\/fr\/produit\/25-kg-2-bromo-4-methylpropiophenone-cas-1451-82-7\/\"]}]},{\"@type\":\"ImageObject\",\"inLanguage\":\"fr-FR\",\"@id\":\"https:\/\/buy-bromo.eu\/fr\/produit\/25-kg-2-bromo-4-methylpropiophenone-cas-1451-82-7\/#primaryimage\",\"url\":\"https:\/\/buy-bromo.eu\/wp-content\/uploads\/2026\/02\/product1-sm.jpeg\",\"contentUrl\":\"https:\/\/buy-bromo.eu\/wp-content\/uploads\/2026\/02\/product1-sm.jpeg\",\"width\":1536,\"height\":1024,\"caption\":\"2-Bromo-4\u2019-methylpropiophenone CAS 1451-82-7\"},{\"@type\":\"BreadcrumbList\",\"@id\":\"https:\/\/buy-bromo.eu\/fr\/produit\/25-kg-2-bromo-4-methylpropiophenone-cas-1451-82-7\/#breadcrumb\",\"itemListElement\":[{\"@type\":\"ListItem\",\"position\":1,\"name\":\"Home\",\"item\":\"https:\/\/buy-bromo.eu\/fr\/accueil\/\"},{\"@type\":\"ListItem\",\"position\":2,\"name\":\"Boutique\",\"item\":\"https:\/\/buy-bromo.eu\/fr\/boutique\/\"},{\"@type\":\"ListItem\",\"position\":3,\"name\":\"25 kg &#8211; 2-bromo-4\u2019-m\u00e9thylpropioph\u00e9none CAS 1451-82-7\"}]},{\"@type\":\"WebSite\",\"@id\":\"https:\/\/buy-bromo.eu\/fr\/#website\",\"url\":\"https:\/\/buy-bromo.eu\/fr\/\",\"name\":\"Buy Bromo\",\"description\":\"\",\"publisher\":{\"@id\":\"https:\/\/buy-bromo.eu\/fr\/#organization\"},\"potentialAction\":[{\"@type\":\"SearchAction\",\"target\":{\"@type\":\"EntryPoint\",\"urlTemplate\":\"https:\/\/buy-bromo.eu\/fr\/?s={search_term_string}\"},\"query-input\":{\"@type\":\"PropertyValueSpecification\",\"valueRequired\":true,\"valueName\":\"search_term_string\"}}],\"inLanguage\":\"fr-FR\"},{\"@type\":\"Organization\",\"@id\":\"https:\/\/buy-bromo.eu\/fr\/#organization\",\"name\":\"Buy Bromo\",\"url\":\"https:\/\/buy-bromo.eu\/fr\/\",\"logo\":{\"@type\":\"ImageObject\",\"inLanguage\":\"fr-FR\",\"@id\":\"https:\/\/buy-bromo.eu\/fr\/#\/schema\/logo\/image\/\",\"url\":\"https:\/\/buy-bromo.eu\/wp-content\/uploads\/2026\/02\/logo-white-sm.png\",\"contentUrl\":\"https:\/\/buy-bromo.eu\/wp-content\/uploads\/2026\/02\/logo-white-sm.png\",\"width\":417,\"height\":388,\"caption\":\"Buy Bromo\"},\"image\":{\"@id\":\"https:\/\/buy-bromo.eu\/fr\/#\/schema\/logo\/image\/\"}}]}<\/script>\n<!-- \/ Yoast SEO plugin. -->","yoast_head_json":{"title":"25 kg - 2-bromo-4\u2019-m\u00e9thylpropioph\u00e9none CAS 1451-82-7 - Buy Bromo","robots":{"index":"index","follow":"follow","max-snippet":"max-snippet:-1","max-image-preview":"max-image-preview:large","max-video-preview":"max-video-preview:-1"},"canonical":"https:\/\/buy-bromo.eu\/fr\/produit\/25-kg-2-bromo-4-methylpropiophenone-cas-1451-82-7\/","og_locale":"fr_FR","og_type":"article","og_title":"25 kg - 2-bromo-4\u2019-m\u00e9thylpropioph\u00e9none CAS 1451-82-7 - Buy Bromo","og_description":"1 x f\u00fbt de 25 kg 210 \u20ac par kg Conditionn\u00e9 en f\u00fbt PEHD TTC, hors frais de livraison","og_url":"https:\/\/buy-bromo.eu\/fr\/produit\/25-kg-2-bromo-4-methylpropiophenone-cas-1451-82-7\/","og_site_name":"Buy Bromo","og_image":[{"width":1536,"height":1024,"url":"https:\/\/buy-bromo.eu\/wp-content\/uploads\/2026\/02\/product1-sm.jpeg","type":"image\/jpeg"}],"twitter_card":"summary_large_image","schema":{"@context":"https:\/\/schema.org","@graph":[{"@type":"WebPage","@id":"https:\/\/buy-bromo.eu\/fr\/produit\/25-kg-2-bromo-4-methylpropiophenone-cas-1451-82-7\/","url":"https:\/\/buy-bromo.eu\/fr\/produit\/25-kg-2-bromo-4-methylpropiophenone-cas-1451-82-7\/","name":"25 kg - 2-bromo-4\u2019-m\u00e9thylpropioph\u00e9none CAS 1451-82-7 - Buy Bromo","isPartOf":{"@id":"https:\/\/buy-bromo.eu\/fr\/#website"},"primaryImageOfPage":{"@id":"https:\/\/buy-bromo.eu\/fr\/produit\/25-kg-2-bromo-4-methylpropiophenone-cas-1451-82-7\/#primaryimage"},"image":{"@id":"https:\/\/buy-bromo.eu\/fr\/produit\/25-kg-2-bromo-4-methylpropiophenone-cas-1451-82-7\/#primaryimage"},"thumbnailUrl":"https:\/\/buy-bromo.eu\/wp-content\/uploads\/2026\/02\/product1-sm.jpeg","datePublished":"2026-02-10T12:43:26+00:00","breadcrumb":{"@id":"https:\/\/buy-bromo.eu\/fr\/produit\/25-kg-2-bromo-4-methylpropiophenone-cas-1451-82-7\/#breadcrumb"},"inLanguage":"fr-FR","potentialAction":[{"@type":"ReadAction","target":["https:\/\/buy-bromo.eu\/fr\/produit\/25-kg-2-bromo-4-methylpropiophenone-cas-1451-82-7\/"]}]},{"@type":"ImageObject","inLanguage":"fr-FR","@id":"https:\/\/buy-bromo.eu\/fr\/produit\/25-kg-2-bromo-4-methylpropiophenone-cas-1451-82-7\/#primaryimage","url":"https:\/\/buy-bromo.eu\/wp-content\/uploads\/2026\/02\/product1-sm.jpeg","contentUrl":"https:\/\/buy-bromo.eu\/wp-content\/uploads\/2026\/02\/product1-sm.jpeg","width":1536,"height":1024,"caption":"2-Bromo-4\u2019-methylpropiophenone CAS 1451-82-7"},{"@type":"BreadcrumbList","@id":"https:\/\/buy-bromo.eu\/fr\/produit\/25-kg-2-bromo-4-methylpropiophenone-cas-1451-82-7\/#breadcrumb","itemListElement":[{"@type":"ListItem","position":1,"name":"Home","item":"https:\/\/buy-bromo.eu\/fr\/accueil\/"},{"@type":"ListItem","position":2,"name":"Boutique","item":"https:\/\/buy-bromo.eu\/fr\/boutique\/"},{"@type":"ListItem","position":3,"name":"25 kg &#8211; 2-bromo-4\u2019-m\u00e9thylpropioph\u00e9none CAS 1451-82-7"}]},{"@type":"WebSite","@id":"https:\/\/buy-bromo.eu\/fr\/#website","url":"https:\/\/buy-bromo.eu\/fr\/","name":"Buy Bromo","description":"","publisher":{"@id":"https:\/\/buy-bromo.eu\/fr\/#organization"},"potentialAction":[{"@type":"SearchAction","target":{"@type":"EntryPoint","urlTemplate":"https:\/\/buy-bromo.eu\/fr\/?s={search_term_string}"},"query-input":{"@type":"PropertyValueSpecification","valueRequired":true,"valueName":"search_term_string"}}],"inLanguage":"fr-FR"},{"@type":"Organization","@id":"https:\/\/buy-bromo.eu\/fr\/#organization","name":"Buy Bromo","url":"https:\/\/buy-bromo.eu\/fr\/","logo":{"@type":"ImageObject","inLanguage":"fr-FR","@id":"https:\/\/buy-bromo.eu\/fr\/#\/schema\/logo\/image\/","url":"https:\/\/buy-bromo.eu\/wp-content\/uploads\/2026\/02\/logo-white-sm.png","contentUrl":"https:\/\/buy-bromo.eu\/wp-content\/uploads\/2026\/02\/logo-white-sm.png","width":417,"height":388,"caption":"Buy Bromo"},"image":{"@id":"https:\/\/buy-bromo.eu\/fr\/#\/schema\/logo\/image\/"}}]}},"_links":{"self":[{"href":"https:\/\/buy-bromo.eu\/fr\/wp-json\/wp\/v2\/product\/1283","targetHints":{"allow":["GET"]}}],"collection":[{"href":"https:\/\/buy-bromo.eu\/fr\/wp-json\/wp\/v2\/product"}],"about":[{"href":"https:\/\/buy-bromo.eu\/fr\/wp-json\/wp\/v2\/types\/product"}],"replies":[{"embeddable":true,"href":"https:\/\/buy-bromo.eu\/fr\/wp-json\/wp\/v2\/comments?post=1283"}],"wp:featuredmedia":[{"embeddable":true,"href":"https:\/\/buy-bromo.eu\/fr\/wp-json\/wp\/v2\/media\/1264"}],"wp:attachment":[{"href":"https:\/\/buy-bromo.eu\/fr\/wp-json\/wp\/v2\/media?parent=1283"}],"wp:term":[{"taxonomy":"product_brand","embeddable":true,"href":"https:\/\/buy-bromo.eu\/fr\/wp-json\/wp\/v2\/product_brand?post=1283"},{"taxonomy":"product_cat","embeddable":true,"href":"https:\/\/buy-bromo.eu\/fr\/wp-json\/wp\/v2\/product_cat?post=1283"},{"taxonomy":"product_tag","embeddable":true,"href":"https:\/\/buy-bromo.eu\/fr\/wp-json\/wp\/v2\/product_tag?post=1283"}],"curies":[{"name":"wp","href":"https:\/\/api.w.org\/{rel}","templated":true}]}}